
{"id":15219,"date":"2017-05-10T19:23:00","date_gmt":"2017-05-10T17:23:00","guid":{"rendered":"https:\/\/www.brickrknowledge.de\/?page_id=15219\/"},"modified":"2017-08-07T12:50:19","modified_gmt":"2017-08-07T10:50:19","slug":"educacion","status":"publish","type":"page","link":"https:\/\/forum.brickrknowledge.de\/es\/educacion\/","title":{"rendered":"Educaci\u00f3n"},"content":{"rendered":"<p><a href=\"https:\/\/www.brickrknowledge.de\/content\/uploads\/2017\/02\/Banner.jpg\"><img loading=\"lazy\" decoding=\"async\" class=\"alignnone wp-image-14275 size-large\" src=\"https:\/\/www.brickrknowledge.de\/content\/uploads\/2017\/02\/Banner-1024x281.jpg\" alt=\"Banner\" width=\"1024\" height=\"281\" srcset=\"https:\/\/forum.brickrknowledge.de\/content\/uploads\/2017\/02\/Banner-1024x281.jpg 1024w, https:\/\/forum.brickrknowledge.de\/content\/uploads\/2017\/02\/Banner-300x82.jpg 300w, https:\/\/forum.brickrknowledge.de\/content\/uploads\/2017\/02\/Banner-768x211.jpg 768w, https:\/\/forum.brickrknowledge.de\/content\/uploads\/2017\/02\/Banner-600x165.jpg 600w, https:\/\/forum.brickrknowledge.de\/content\/uploads\/2017\/02\/Banner-670x184.jpg 670w, https:\/\/forum.brickrknowledge.de\/content\/uploads\/2017\/02\/Banner-470x129.jpg 470w, https:\/\/forum.brickrknowledge.de\/content\/uploads\/2017\/02\/Banner.jpg 1820w\" sizes=\"(max-width: 1024px) 100vw, 1024px\" \/><\/a><\/p>\n<p style=\"text-align: justify;\"><strong>Estimados maestros, profesores, directores, educadores, maestros de preescolar y formadores!<\/strong><\/p>\n<p style=\"text-align: justify;\">Muchas gracias, por optar por el sistema electr\u00f3nico de aprendizaje Brick\u2019R\u2019knowledge.<\/p>\n<p style=\"text-align: justify;\">Nuestro objetivo es facilitar el aprendizaje y la ense\u00f1anza de la electr\u00f3nica anal\u00f3gica y digital. Tambi\u00e9n queremos hacer accesible para cualquiera la electr\u00f3nica y las energ\u00edas renovables. Un problema muy com\u00fan en el aula de electr\u00f3nica es la idea y el manejo de componentes electr\u00f3nicos. Por un lado, los circuitos que han sido soldados a las placas, no pueden ser reutilizados. Por otro lado, la placa de pruebas tiene la desventaja de no poder documentar adecuadamente los circuitos. Adem\u00e1s, los componentes modernos hoy en d\u00eda casi s\u00f3lo est\u00e1n disponibles en formato SMD. Estos no son adecuados para la ense\u00f1aza en las aulas. El sistema<br \/>\nBrick&#8217;R&#8217;knowledge se puede explicar f\u00e1cilmente en cinco ventajas para fines educativos:<\/p>\n<ol>\n<li style=\"text-align: justify;\">Intercambio f\u00e1cil de los componentes o cambios en el circuito existente gracias a la interconexi\u00f3n sencilla de los Bricks<\/li>\n<li style=\"text-align: justify;\">Documentaci\u00f3n sencilla y Sharing del plano de cableado correcto gracias a fotograf\u00edas del circuito.<\/li>\n<li style=\"text-align: justify;\">Sistema de conexi\u00f3n robusto por su carcasa de pl\u00e1stico que se pueden abrir y conectores hermafroditos de cuatro polos que pemiten estructuras 3D.<\/li>\n<li style=\"text-align: justify;\">Circuitos compactos gracias al retorno a tierra.<\/li>\n<li style=\"text-align: justify;\">Manuales did\u00e1cticos y a diario nuevos proyectos e ideas gracias a una comunidad en crecimiento.<\/li>\n<\/ol>\n<p style=\"text-align: left;\"><strong>Set navigator<\/strong><\/p>\n<table style=\"width: 720px;\">\n<tbody>\n<tr>\n<td style=\"width: 103px;\"><span style=\"text-decoration: underline;\"><strong>Sets\/Instituci\u00f3n educativa<\/strong><\/span><\/td>\n<td style=\"width: 80px;\"><span style=\"text-decoration: underline;\"><strong><a href=\"https:\/\/forum.brickrknowledge.de\/education\/kindergarten\/\">Guarder\u00eda (Parvulario)<\/a><\/strong><\/span><\/td>\n<td style=\"width: 89px;\"><a href=\"https:\/\/forum.brickrknowledge.de\/en\/education\/elementary-school\/\"><b><u>Educaci\u00f3n infantil y primaria\u00a0<\/u><\/b><\/a><\/td>\n<td style=\"width: 131px;\"><a href=\"https:\/\/forum.brickrknowledge.de\/en\/education\/school-of-general-knowledge\/\"><span style=\"text-decoration: underline;\"><strong>Educaci\u00f3n secundaria<\/strong><\/span><\/a><\/td>\n<td style=\"width: 71px;\"><a href=\"https:\/\/forum.brickrknowledge.de\/en\/education\/university\/\"><span style=\"text-decoration: underline;\"><strong>Universidad<\/strong><\/span><\/a><\/td>\n<td style=\"width: 148px;\">Conocimientos impartidos<\/td>\n<\/tr>\n<tr>\n<td style=\"width: 103px;\"><span style=\"text-decoration: underline;\"><a href=\"https:\/\/forum.brickrknowledge.de\/sets\/luminous\/7-color-light-set\/\"><strong>7 Color Light Set<\/strong><\/a><\/span><\/td>\n<td style=\"width: 80px;\">x<\/td>\n<td style=\"width: 89px;\"><\/td>\n<td style=\"width: 131px;\"><\/td>\n<td style=\"width: 71px;\"><\/td>\n<td style=\"width: 148px;\">\n<ul>\n<li style=\"text-align: left;\">Construir con LEDs<\/li>\n<li style=\"text-align: left;\">Aprender colores y n\u00fameros<\/li>\n<\/ul>\n<\/td>\n<\/tr>\n<tr>\n<td style=\"width: 103px;\"><span style=\"text-decoration: underline;\"><a href=\"https:\/\/forum.brickrknowledge.de\/sets\/experiments\/basic-set\/\"><strong>Basic Set<\/strong><\/a><\/span><\/td>\n<td style=\"width: 80px;\"><\/td>\n<td style=\"width: 89px;\">x<\/td>\n<td style=\"width: 131px;\"><\/td>\n<td style=\"width: 71px;\"><\/td>\n<td style=\"width: 148px;\">\n<ul>\n<li style=\"text-align: left;\">Conocimientos b\u00e1sicos de los componentes electr\u00f3nicos<\/li>\n<li style=\"text-align: left;\">Conocimientos de los circuitos<\/li>\n<li style=\"text-align: left;\">Conocimientos b\u00e1sicos de electr\u00f3nica<\/li>\n<\/ul>\n<\/td>\n<\/tr>\n<tr>\n<td style=\"width: 103px;\"><span style=\"text-decoration: underline;\"><a href=\"https:\/\/forum.brickrknowledge.de\/sets\/experiments\/solar-set\/\"><strong>Solar Set<\/strong><\/a><\/span><\/td>\n<td style=\"width: 80px;\"><\/td>\n<td style=\"width: 89px;\">x<\/td>\n<td style=\"width: 131px;\">x<\/td>\n<td style=\"width: 71px;\"><\/td>\n<td style=\"width: 148px;\">\n<ul>\n<li>Generaci\u00f3n de energ\u00eda a trav\u00e9s de sistemas fotovoltaicos<\/li>\n<li>Conversi\u00f3n de energ\u00eda<\/li>\n<li>Montaje de circuitos b\u00e1sicos<\/li>\n<\/ul>\n<\/td>\n<\/tr>\n<tr>\n<td style=\"width: 103px;\"><span style=\"text-decoration: underline;\"><a href=\"https:\/\/forum.brickrknowledge.de\/sets\/experiments\/advanced-set\/\"><strong>Advanced Set<\/strong><\/a><\/span><\/td>\n<td style=\"width: 80px;\"><\/td>\n<td style=\"width: 89px;\"><\/td>\n<td style=\"width: 131px;\">x<\/td>\n<td style=\"width: 71px;\">x<\/td>\n<td style=\"width: 148px;\">\n<ul>\n<li>Profundizar conocimientos electr\u00f3nicos<\/li>\n<li>Montaje de circuitos complejos<\/li>\n<\/ul>\n<\/td>\n<\/tr>\n<tr>\n<td style=\"width: 103px;\"><span style=\"text-decoration: underline;\"><a href=\"https:\/\/forum.brickrknowledge.de\/sets\/engineering\/arduino-coding-set\/\"><strong>Arduino Coding Set<\/strong><\/a><\/span><\/td>\n<td style=\"width: 80px;\"><\/td>\n<td style=\"width: 89px;\"><\/td>\n<td style=\"width: 131px;\">x<\/td>\n<td style=\"width: 71px;\">x<\/td>\n<td style=\"width: 148px;\">\n<ul>\n<li>Programaci\u00f3n de propia p\u00e1gina web<\/li>\n<li>Conocimientos b\u00e1sicos de dom\u00f3tica (Home Automation)<\/li>\n<\/ul>\n<\/td>\n<\/tr>\n<tr>\n<td style=\"width: 103px;\"><span style=\"text-decoration: underline;\"><a href=\"https:\/\/forum.brickrknowledge.de\/sets\/engineering\/logic-set\/\"><strong>Logic Set<\/strong><\/a><\/span><\/td>\n<td style=\"width: 80px;\"><\/td>\n<td style=\"width: 89px;\"><\/td>\n<td style=\"width: 131px;\">x<\/td>\n<td style=\"width: 71px;\">x<\/td>\n<td style=\"width: 148px;\">\n<ul>\n<li>Montaje de circuitos complejos sencillos<\/li>\n<li>Profundizar conocimientos sobre\u00a0puertas l\u00f3gicas (Logic gate)<\/li>\n<\/ul>\n<\/td>\n<\/tr>\n<tr>\n<td style=\"width: 103px;\"><span style=\"text-decoration: underline;\"><a href=\"https:\/\/forum.brickrknowledge.de\/sets\/experiments\/internet-of-things-set\/\"><strong>Internet of Things\u00a0Set<\/strong><\/a><\/span><\/td>\n<td style=\"width: 80px;\"><\/td>\n<td style=\"width: 89px;\"><\/td>\n<td style=\"width: 131px;\">x<\/td>\n<td style=\"width: 71px;\">x<\/td>\n<td style=\"width: 148px;\">\n<ul>\n<li>Programaci\u00f3n de propia p\u00e1gina web<\/li>\n<li>Conocimientos b\u00e1sicos de dom\u00f3tica (Home Automation)<\/li>\n<\/ul>\n<\/td>\n<\/tr>\n<tr>\n<td style=\"width: 103px;\"><span style=\"text-decoration: underline;\"><a href=\"https:\/\/forum.brickrknowledge.de\/sets\/diy\/diy-set\/\"><strong>DIY Set<\/strong><\/a><\/span><\/td>\n<td style=\"width: 80px;\"><\/td>\n<td style=\"width: 89px;\"><\/td>\n<td style=\"width: 131px;\">x<\/td>\n<td style=\"width: 71px;\">x<\/td>\n<td style=\"width: 148px;\">\n<ul>\n<li>Soldar<\/li>\n<li>Montaje de circuitos elementales<\/li>\n<\/ul>\n<\/td>\n<\/tr>\n<tr>\n<td style=\"width: 103px;\"><span style=\"text-decoration: underline;\">Programmable LED Set<\/span><\/td>\n<td style=\"width: 80px;\"><\/td>\n<td style=\"width: 89px;\"><\/td>\n<td style=\"width: 131px;\">x<\/td>\n<td style=\"width: 71px;\">x<\/td>\n<td style=\"width: 148px;\">\n<ul>\n<li>Programaci\u00f3n de LEDs<\/li>\n<\/ul>\n<\/td>\n<\/tr>\n<tr>\n<td style=\"width: 103px;\"><span style=\"text-decoration: underline;\"><a href=\"https:\/\/forum.brickrknowledge.de\/sets\/extensions\/measurement-set-one\/\"><strong>Measurement Sets One &amp; Two<\/strong><\/a><\/span><\/td>\n<td style=\"width: 80px;\"><\/td>\n<td style=\"width: 89px;\"><\/td>\n<td style=\"width: 131px;\">x<\/td>\n<td style=\"width: 71px;\">x<\/td>\n<td style=\"width: 148px;\">\n<ul>\n<li>Realizaci\u00f3n de mediciones en circuitos con Brick<\/li>\n<\/ul>\n<\/td>\n<\/tr>\n<tr>\n<td style=\"width: 103px;\"><span style=\"text-decoration: underline;\"><a href=\"https:\/\/forum.brickrknowledge.de\/sets\/diy\/mhz-diy-set\/\"><strong>MHz &amp; GHz DIY Sets<\/strong><\/a><\/span><\/td>\n<td style=\"width: 80px;\"><\/td>\n<td style=\"width: 89px;\"><\/td>\n<td style=\"width: 131px;\"><\/td>\n<td style=\"width: 71px;\">x<\/td>\n<td style=\"width: 148px;\">\n<ul>\n<li>Dise\u00f1ar propios Bricks en el rango de alta frecuencia<\/li>\n<\/ul>\n<\/td>\n<\/tr>\n<\/tbody>\n<\/table>\n<p>&nbsp;<\/p>\n","protected":false},"excerpt":{"rendered":"<p>Estimados maestros, profesores, directores, educadores, maestros de preescolar y formadores! Muchas gracias, por optar por el sistema electr\u00f3nico de aprendizaje Brick\u2019R\u2019knowledge. Nuestro objetivo es facilitar el aprendizaje y la ense\u00f1anza de la electr\u00f3nica anal\u00f3gica y digital. Tambi\u00e9n queremos hacer accesible para cualquiera la electr\u00f3nica y las energ\u00edas renovables. Un problema muy com\u00fan en el aula [&hellip;]<\/p>\n","protected":false},"author":2,"featured_media":0,"parent":0,"menu_order":0,"comment_status":"closed","ping_status":"closed","template":"","meta":{"footnotes":""},"categories":[],"tags":[],"class_list":["post-15219","page","type-page","status-publish","hentry"],"yoast_head":"<!-- This site is optimized with the Yoast SEO plugin v23.3 - https:\/\/yoast.com\/wordpress\/plugins\/seo\/ -->\n<title>Educaci\u00f3n - Brick&#039;R&#039;knowledge<\/title>\n<meta name=\"robots\" content=\"index, follow, max-snippet:-1, max-image-preview:large, max-video-preview:-1\" \/>\n<link rel=\"canonical\" href=\"https:\/\/brickrknowledge.com\/es\/educacion\/\" \/>\n<meta property=\"og:locale\" content=\"es_ES\" \/>\n<meta property=\"og:type\" content=\"article\" \/>\n<meta property=\"og:title\" content=\"Educaci\u00f3n - Brick&#039;R&#039;knowledge\" \/>\n<meta property=\"og:description\" content=\"Estimados maestros, profesores, directores, educadores, maestros de preescolar y formadores! Muchas gracias, por optar por el sistema electr\u00f3nico de aprendizaje Brick\u2019R\u2019knowledge. Nuestro objetivo es facilitar el aprendizaje y la ense\u00f1anza de la electr\u00f3nica anal\u00f3gica y digital. Tambi\u00e9n queremos hacer accesible para cualquiera la electr\u00f3nica y las energ\u00edas renovables. Un problema muy com\u00fan en el aula [&hellip;]\" \/>\n<meta property=\"og:url\" content=\"https:\/\/brickrknowledge.com\/es\/educacion\/\" \/>\n<meta property=\"og:site_name\" content=\"Brick&#039;R&#039;knowledge\" \/>\n<meta property=\"article:publisher\" content=\"https:\/\/www.facebook.com\/BrickRknowledge\" \/>\n<meta property=\"article:modified_time\" content=\"2017-08-07T10:50:19+00:00\" \/>\n<meta property=\"og:image\" content=\"https:\/\/www.brickrknowledge.de\/content\/uploads\/2017\/02\/Banner-1024x281.jpg\" \/>\n<meta name=\"twitter:card\" content=\"summary_large_image\" \/>\n<meta name=\"twitter:site\" content=\"@brickrknowledge\" \/>\n<meta name=\"twitter:label1\" content=\"Est. reading time\" \/>\n\t<meta name=\"twitter:data1\" content=\"2 minutes\" \/>\n<script type=\"application\/ld+json\" class=\"yoast-schema-graph\">{\"@context\":\"https:\/\/schema.org\",\"@graph\":[{\"@type\":\"WebPage\",\"@id\":\"https:\/\/brickrknowledge.com\/es\/educacion\/\",\"url\":\"https:\/\/brickrknowledge.com\/es\/educacion\/\",\"name\":\"Educaci\u00f3n - Brick&#039;R&#039;knowledge\",\"isPartOf\":{\"@id\":\"https:\/\/brickrknowledge.org\/es\/#website\"},\"primaryImageOfPage\":{\"@id\":\"https:\/\/brickrknowledge.com\/es\/educacion\/#primaryimage\"},\"image\":{\"@id\":\"https:\/\/brickrknowledge.com\/es\/educacion\/#primaryimage\"},\"thumbnailUrl\":\"https:\/\/www.brickrknowledge.de\/content\/uploads\/2017\/02\/Banner-1024x281.jpg\",\"datePublished\":\"2017-05-10T17:23:00+00:00\",\"dateModified\":\"2017-08-07T10:50:19+00:00\",\"breadcrumb\":{\"@id\":\"https:\/\/brickrknowledge.com\/es\/educacion\/#breadcrumb\"},\"inLanguage\":\"es-ES\",\"potentialAction\":[{\"@type\":\"ReadAction\",\"target\":[\"https:\/\/brickrknowledge.com\/es\/educacion\/\"]}]},{\"@type\":\"ImageObject\",\"inLanguage\":\"es-ES\",\"@id\":\"https:\/\/brickrknowledge.com\/es\/educacion\/#primaryimage\",\"url\":\"https:\/\/www.brickrknowledge.de\/content\/uploads\/2017\/02\/Banner-1024x281.jpg\",\"contentUrl\":\"https:\/\/www.brickrknowledge.de\/content\/uploads\/2017\/02\/Banner-1024x281.jpg\"},{\"@type\":\"BreadcrumbList\",\"@id\":\"https:\/\/brickrknowledge.com\/es\/educacion\/#breadcrumb\",\"itemListElement\":[{\"@type\":\"ListItem\",\"position\":1,\"name\":\"Home\",\"item\":\"https:\/\/brickrknowledge.org\/es\/\"},{\"@type\":\"ListItem\",\"position\":2,\"name\":\"Educaci\u00f3n\"}]},{\"@type\":\"WebSite\",\"@id\":\"https:\/\/brickrknowledge.org\/es\/#website\",\"url\":\"https:\/\/brickrknowledge.org\/es\/\",\"name\":\"Brick&#039;R&#039;knowledge\",\"description\":\"\",\"potentialAction\":[{\"@type\":\"SearchAction\",\"target\":{\"@type\":\"EntryPoint\",\"urlTemplate\":\"https:\/\/brickrknowledge.org\/es\/?s={search_term_string}\"},\"query-input\":\"required name=search_term_string\"}],\"inLanguage\":\"es-ES\"}]}<\/script>\n<!-- \/ Yoast SEO plugin. -->","yoast_head_json":{"title":"Educaci\u00f3n - Brick&#039;R&#039;knowledge","robots":{"index":"index","follow":"follow","max-snippet":"max-snippet:-1","max-image-preview":"max-image-preview:large","max-video-preview":"max-video-preview:-1"},"canonical":"https:\/\/brickrknowledge.com\/es\/educacion\/","og_locale":"es_ES","og_type":"article","og_title":"Educaci\u00f3n - Brick&#039;R&#039;knowledge","og_description":"Estimados maestros, profesores, directores, educadores, maestros de preescolar y formadores! Muchas gracias, por optar por el sistema electr\u00f3nico de aprendizaje Brick\u2019R\u2019knowledge. Nuestro objetivo es facilitar el aprendizaje y la ense\u00f1anza de la electr\u00f3nica anal\u00f3gica y digital. Tambi\u00e9n queremos hacer accesible para cualquiera la electr\u00f3nica y las energ\u00edas renovables. Un problema muy com\u00fan en el aula [&hellip;]","og_url":"https:\/\/brickrknowledge.com\/es\/educacion\/","og_site_name":"Brick&#039;R&#039;knowledge","article_publisher":"https:\/\/www.facebook.com\/BrickRknowledge","article_modified_time":"2017-08-07T10:50:19+00:00","og_image":[{"url":"https:\/\/www.brickrknowledge.de\/content\/uploads\/2017\/02\/Banner-1024x281.jpg"}],"twitter_card":"summary_large_image","twitter_site":"@brickrknowledge","twitter_misc":{"Est. reading time":"2 minutes"},"schema":{"@context":"https:\/\/schema.org","@graph":[{"@type":"WebPage","@id":"https:\/\/brickrknowledge.com\/es\/educacion\/","url":"https:\/\/brickrknowledge.com\/es\/educacion\/","name":"Educaci\u00f3n - Brick&#039;R&#039;knowledge","isPartOf":{"@id":"https:\/\/brickrknowledge.org\/es\/#website"},"primaryImageOfPage":{"@id":"https:\/\/brickrknowledge.com\/es\/educacion\/#primaryimage"},"image":{"@id":"https:\/\/brickrknowledge.com\/es\/educacion\/#primaryimage"},"thumbnailUrl":"https:\/\/www.brickrknowledge.de\/content\/uploads\/2017\/02\/Banner-1024x281.jpg","datePublished":"2017-05-10T17:23:00+00:00","dateModified":"2017-08-07T10:50:19+00:00","breadcrumb":{"@id":"https:\/\/brickrknowledge.com\/es\/educacion\/#breadcrumb"},"inLanguage":"es-ES","potentialAction":[{"@type":"ReadAction","target":["https:\/\/brickrknowledge.com\/es\/educacion\/"]}]},{"@type":"ImageObject","inLanguage":"es-ES","@id":"https:\/\/brickrknowledge.com\/es\/educacion\/#primaryimage","url":"https:\/\/www.brickrknowledge.de\/content\/uploads\/2017\/02\/Banner-1024x281.jpg","contentUrl":"https:\/\/www.brickrknowledge.de\/content\/uploads\/2017\/02\/Banner-1024x281.jpg"},{"@type":"BreadcrumbList","@id":"https:\/\/brickrknowledge.com\/es\/educacion\/#breadcrumb","itemListElement":[{"@type":"ListItem","position":1,"name":"Home","item":"https:\/\/brickrknowledge.org\/es\/"},{"@type":"ListItem","position":2,"name":"Educaci\u00f3n"}]},{"@type":"WebSite","@id":"https:\/\/brickrknowledge.org\/es\/#website","url":"https:\/\/brickrknowledge.org\/es\/","name":"Brick&#039;R&#039;knowledge","description":"","potentialAction":[{"@type":"SearchAction","target":{"@type":"EntryPoint","urlTemplate":"https:\/\/brickrknowledge.org\/es\/?s={search_term_string}"},"query-input":"required name=search_term_string"}],"inLanguage":"es-ES"}]}},"_links":{"self":[{"href":"https:\/\/forum.brickrknowledge.de\/es\/wp-json\/wp\/v2\/pages\/15219"}],"collection":[{"href":"https:\/\/forum.brickrknowledge.de\/es\/wp-json\/wp\/v2\/pages"}],"about":[{"href":"https:\/\/forum.brickrknowledge.de\/es\/wp-json\/wp\/v2\/types\/page"}],"author":[{"embeddable":true,"href":"https:\/\/forum.brickrknowledge.de\/es\/wp-json\/wp\/v2\/users\/2"}],"replies":[{"embeddable":true,"href":"https:\/\/forum.brickrknowledge.de\/es\/wp-json\/wp\/v2\/comments?post=15219"}],"version-history":[{"count":0,"href":"https:\/\/forum.brickrknowledge.de\/es\/wp-json\/wp\/v2\/pages\/15219\/revisions"}],"wp:attachment":[{"href":"https:\/\/forum.brickrknowledge.de\/es\/wp-json\/wp\/v2\/media?parent=15219"}],"wp:term":[{"taxonomy":"category","embeddable":true,"href":"https:\/\/forum.brickrknowledge.de\/es\/wp-json\/wp\/v2\/categories?post=15219"},{"taxonomy":"post_tag","embeddable":true,"href":"https:\/\/forum.brickrknowledge.de\/es\/wp-json\/wp\/v2\/tags?post=15219"}],"curies":[{"name":"wp","href":"https:\/\/api.w.org\/{rel}","templated":true}]}}